{"id":3274,"date":"2026-03-16T12:27:46","date_gmt":"2026-03-16T11:27:46","guid":{"rendered":"https:\/\/kompass-karrieremesse.de\/?page_id=3274"},"modified":"2026-03-16T12:59:20","modified_gmt":"2026-03-16T11:59:20","slug":"seramun","status":"publish","type":"page","link":"https:\/\/kompass-karrieremesse.de\/en\/seramun\/","title":{"rendered":"Seramun Diagnostica GmbH"},"content":{"rendered":"<div data-elementor-type=\"wp-page\" data-elementor-id=\"3274\" class=\"elementor elementor-3274\">\n\t\t\t\t<div class=\"elementor-element elementor-element-5c57ecd e-flex e-con-boxed wpr-particle-no wpr-jarallax-no wpr-parallax-no wpr-sticky-section-no e-con e-parent\" data-id=\"5c57ecd\" data-element_type=\"container\" data-e-type=\"container\" data-settings=\"{&quot;background_background&quot;:&quot;classic&quot;,&quot;_ha_eqh_enable&quot;:false}\">\n\t\t\t\t\t<div class=\"e-con-inner\">\n\t\t\t\t<div class=\"elementor-element elementor-element-1075b4e elementor-invisible elementor-widget elementor-widget-heading\" data-id=\"1075b4e\" data-element_type=\"widget\" data-e-type=\"widget\" data-settings=\"{&quot;_animation&quot;:&quot;fadeInDown&quot;}\" data-widget_type=\"heading.default\">\n\t\t\t\t\t<h2 class=\"elementor-heading-title elementor-size-default\">Seramun Diagnostica GmbH<\/h2>\t\t\t\t<\/div>\n\t\t\t\t<div class=\"elementor-element elementor-element-9ad1e25 elementor-widget-divider--view-line elementor-invisible elementor-widget elementor-widget-divider\" data-id=\"9ad1e25\" data-element_type=\"widget\" data-e-type=\"widget\" data-settings=\"{&quot;_animation&quot;:&quot;fadeInUp&quot;}\" data-widget_type=\"divider.default\">\n\t\t\t\t\t\t\t<div class=\"elementor-divider\">\n\t\t\t<span class=\"elementor-divider-separator\">\n\t\t\t\t\t\t<\/span>\n\t\t<\/div>\n\t\t\t\t\t\t<\/div>\n\t\t\t\t\t<\/div>\n\t\t\t\t<\/div>\n\t\t<div class=\"elementor-element elementor-element-8d8d0da e-flex e-con-boxed wpr-particle-no wpr-jarallax-no wpr-parallax-no wpr-sticky-section-no e-con e-parent\" data-id=\"8d8d0da\" data-element_type=\"container\" data-e-type=\"container\" data-settings=\"{&quot;background_background&quot;:&quot;gradient&quot;,&quot;_ha_eqh_enable&quot;:false}\">\n\t\t\t\t\t<div class=\"e-con-inner\">\n\t\t<div class=\"elementor-element elementor-element-011157e e-con-full e-flex wpr-particle-no wpr-jarallax-no wpr-parallax-no wpr-sticky-section-no e-con e-child\" data-id=\"011157e\" data-element_type=\"container\" data-e-type=\"container\" data-settings=\"{&quot;_ha_eqh_enable&quot;:false}\">\n\t\t<div class=\"elementor-element elementor-element-8aca8e8 e-con-full e-flex wpr-particle-no wpr-jarallax-no wpr-parallax-no wpr-sticky-section-no elementor-invisible e-con e-child\" data-id=\"8aca8e8\" data-element_type=\"container\" data-e-type=\"container\" data-settings=\"{&quot;animation&quot;:&quot;fadeInLeft&quot;,&quot;_ha_eqh_enable&quot;:false}\">\n\t\t\t\t<div class=\"elementor-element elementor-element-ace29bb elementor-widget elementor-widget-text-editor\" data-id=\"ace29bb\" data-element_type=\"widget\" data-e-type=\"widget\" data-widget_type=\"text-editor.default\">\n\t\t\t\t\t\t\t\t\t<p class=\"my-2\">Since 1992, Seramun Diagnostica has been dedicated to the development and manufacture of high-quality laboratory diagnostics and ready-to-use reagents. At our facility in Heidesee near Berlin, we develop and produce our entire product range\u2014from antigens and antibodies to blockers, protein stabilizers, and substrates. Our products are continuously available and support research and in vitro diagnostics worldwide. Our portfolio is complemented by our own in vitro diagnostic tests for autoimmune and infectious disease serology.<\/p>\t\t\t\t\t\t\t\t<\/div>\n\t\t\t\t<\/div>\n\t\t<div class=\"elementor-element elementor-element-a52df21 e-flex e-con-boxed wpr-particle-no wpr-jarallax-no wpr-parallax-no wpr-sticky-section-no elementor-invisible e-con e-child\" data-id=\"a52df21\" data-element_type=\"container\" data-e-type=\"container\" data-settings=\"{&quot;animation&quot;:&quot;fadeInRight&quot;,&quot;_ha_eqh_enable&quot;:false}\">\n\t\t\t\t\t<div class=\"e-con-inner\">\n\t\t\t\t<div class=\"elementor-element elementor-element-dcdc7a2 ha-has-bg-overlay elementor-widget elementor-widget-image\" data-id=\"dcdc7a2\" data-element_type=\"widget\" data-e-type=\"widget\" data-widget_type=\"image.default\">\n\t\t\t\t\t\t\t\t\t\t\t\t\t\t\t\t<a href=\"https:\/\/www.seramun.com\/en\/\">\n\t\t\t\t\t\t\t<img fetchpriority=\"high\" decoding=\"async\" width=\"1024\" height=\"264\" src=\"https:\/\/kompass-karrieremesse.de\/wp-content\/uploads\/2026\/03\/Seramun_Logo_cmyk-1024x264.png\" class=\"attachment-large size-large wp-image-3268\" alt=\"\" srcset=\"https:\/\/kompass-karrieremesse.de\/wp-content\/uploads\/2026\/03\/Seramun_Logo_cmyk-1024x264.png 1024w, https:\/\/kompass-karrieremesse.de\/wp-content\/uploads\/2026\/03\/Seramun_Logo_cmyk-300x77.png 300w, https:\/\/kompass-karrieremesse.de\/wp-content\/uploads\/2026\/03\/Seramun_Logo_cmyk-768x198.png 768w, https:\/\/kompass-karrieremesse.de\/wp-content\/uploads\/2026\/03\/Seramun_Logo_cmyk-18x5.png 18w, https:\/\/kompass-karrieremesse.de\/wp-content\/uploads\/2026\/03\/Seramun_Logo_cmyk.png 1336w\" sizes=\"(max-width: 1024px) 100vw, 1024px\" \/>\t\t\t\t\t\t\t\t<\/a>\n\t\t\t\t\t\t\t\t\t\t\t\t\t\t\t<\/div>\n\t\t\t\t\t<\/div>\n\t\t\t\t<\/div>\n\t\t\t\t<\/div>\n\t\t<div class=\"elementor-element elementor-element-3cfa2aa e-con-full e-flex eael_liquid_glass-effect1 eael_liquid_glass_shadow-effect1 wpr-particle-no wpr-jarallax-no wpr-parallax-no wpr-sticky-section-no elementor-invisible e-con e-child\" data-id=\"3cfa2aa\" data-element_type=\"container\" data-e-type=\"container\" data-settings=\"{&quot;animation&quot;:&quot;fadeInUp&quot;,&quot;_ha_eqh_enable&quot;:false}\">\n\t\t<div class=\"elementor-element elementor-element-57378ab e-con-full e-flex wpr-particle-no wpr-jarallax-no wpr-parallax-no wpr-sticky-section-no e-con e-child\" data-id=\"57378ab\" data-element_type=\"container\" data-e-type=\"container\" data-settings=\"{&quot;_ha_eqh_enable&quot;:false}\">\n\t\t<div class=\"elementor-element elementor-element-270c25b e-con-full e-flex wpr-particle-no wpr-jarallax-no wpr-parallax-no wpr-sticky-section-no e-con e-child\" data-id=\"270c25b\" data-element_type=\"container\" data-e-type=\"container\" data-settings=\"{&quot;_ha_eqh_enable&quot;:false}\">\n\t\t\t\t<div class=\"elementor-element elementor-element-78e8e73 elementor-widget elementor-widget-heading\" data-id=\"78e8e73\" data-element_type=\"widget\" data-e-type=\"widget\" data-widget_type=\"heading.default\">\n\t\t\t\t\t<h2 class=\"elementor-heading-title elementor-size-default\">Who are we looking for?<\/h2>\t\t\t\t<\/div>\n\t\t\t\t<div class=\"elementor-element elementor-element-492e6b8 elementor-widget elementor-widget-text-editor\" data-id=\"492e6b8\" data-element_type=\"widget\" data-e-type=\"widget\" data-widget_type=\"text-editor.default\">\n\t\t\t\t\t\t\t\t\t<p class=\"my-2\">We are looking for students and recent graduates, particularly in the fields of biotechnology, chemistry, and related natural sciences. Opportunities are available in research and development, quality management, quality control, and production. We offer topics for bachelor\u2019s and master\u2019s theses, as well as opportunities for work-study positions and career entry.<\/p>\t\t\t\t\t\t\t\t<\/div>\n\t\t\t\t<div class=\"elementor-element elementor-element-6a089f8 elementor-widget elementor-widget-heading\" data-id=\"6a089f8\" data-element_type=\"widget\" data-e-type=\"widget\" data-widget_type=\"heading.default\">\n\t\t\t\t\t<h2 class=\"elementor-heading-title elementor-size-default\">Your career opportunities with us<\/h2>\t\t\t\t<\/div>\n\t\t\t\t<div class=\"elementor-element elementor-element-31b9ec6 elementor-widget elementor-widget-text-editor\" data-id=\"31b9ec6\" data-element_type=\"widget\" data-e-type=\"widget\" data-widget_type=\"text-editor.default\">\n\t\t\t\t\t\t\t\t\t<p class=\"my-2\">As a student, you can join us through a work-study position or an internship and gain practical experience. College graduates have the opportunity to write their thesis with us and put their knowledge into practice. And for professionals with work experience and expertise, we offer direct entry-level opportunities in various fields.<\/p>\t\t\t\t\t\t\t\t<\/div>\n\t\t\t\t<div class=\"elementor-element elementor-element-497c6f2 elementor-widget elementor-widget-heading\" data-id=\"497c6f2\" data-element_type=\"widget\" data-e-type=\"widget\" data-widget_type=\"heading.default\">\n\t\t\t\t\t<h2 class=\"elementor-heading-title elementor-size-default\">Our working environment<\/h2>\t\t\t\t<\/div>\n\t\t\t\t<div class=\"elementor-element elementor-element-d9f0ede elementor-widget elementor-widget-text-editor\" data-id=\"d9f0ede\" data-element_type=\"widget\" data-e-type=\"widget\" data-widget_type=\"text-editor.default\">\n\t\t\t\t\t\t\t\t\t<ul><li class=\"my-2\">1 location (Heidesee)<\/li><li class=\"my-2\">Biochemical Industry<\/li><li class=\"my-2\">Near Berlin<\/li><li class=\"my-2\">friendly, informal atmosphere<\/li><li class=\"my-2\">Informal tone<\/li><li class=\"my-2\">flat hierarchies<\/li><\/ul>\t\t\t\t\t\t\t\t<\/div>\n\t\t\t\t<\/div>\n\t\t\t\t<\/div>\n\t\t<div class=\"elementor-element elementor-element-d04079f e-con-full e-flex wpr-particle-no wpr-jarallax-no wpr-parallax-no wpr-sticky-section-no e-con e-child\" data-id=\"d04079f\" data-element_type=\"container\" data-e-type=\"container\" data-settings=\"{&quot;_ha_eqh_enable&quot;:false}\">\n\t\t<div class=\"elementor-element elementor-element-911a43d e-con-full e-flex wpr-particle-no wpr-jarallax-no wpr-parallax-no wpr-sticky-section-no e-con e-child\" data-id=\"911a43d\" data-element_type=\"container\" data-e-type=\"container\" data-settings=\"{&quot;_ha_eqh_enable&quot;:false}\">\n\t\t\t\t<div class=\"elementor-element elementor-element-49b5583 elementor-widget elementor-widget-heading\" data-id=\"49b5583\" data-element_type=\"widget\" data-e-type=\"widget\" data-widget_type=\"heading.default\">\n\t\t\t\t\t<h2 class=\"elementor-heading-title elementor-size-default\">Why is it worth visiting our booth?<\/h2>\t\t\t\t<\/div>\n\t\t\t\t<div class=\"elementor-element elementor-element-fe2aa02 elementor-widget elementor-widget-text-editor\" data-id=\"fe2aa02\" data-element_type=\"widget\" data-e-type=\"widget\" data-widget_type=\"text-editor.default\">\n\t\t\t\t\t\t\t\t\t<p class=\"my-2\">Visit our booth and see how biotechnology and laboratory diagnostics work in practice. Learn more about the development of reagents and in vitro diagnostic tests, and talk to our team about work-study positions, thesis projects, and career opportunities at Seramun Diagnostica.<\/p>\t\t\t\t\t\t\t\t<\/div>\n\t\t\t\t<div class=\"elementor-element elementor-element-55fa1c7 elementor-widget elementor-widget-heading\" data-id=\"55fa1c7\" data-element_type=\"widget\" data-e-type=\"widget\" data-widget_type=\"heading.default\">\n\t\t\t\t\t<h2 class=\"elementor-heading-title elementor-size-default\">Facts &amp; Contact<\/h2>\t\t\t\t<\/div>\n\t\t\t\t<div class=\"elementor-element elementor-element-6898b98 elementor-widget elementor-widget-text-editor\" data-id=\"6898b98\" data-element_type=\"widget\" data-e-type=\"widget\" data-widget_type=\"text-editor.default\">\n\t\t\t\t\t\t\t\t\t<p>Seramun Diagnostica was founded in 1992 and today employs around 90 people at its Heidesee location near Berlin.<\/p><p class=\"translation-block\">If you have any questions about career opportunities or  our trade show presence, please feel free to contact <br><strong>Susanne Schug<\/strong> , Head of Human Resources, or <br><strong>Lars Hoffmann<\/strong>, Head of R&amp;D at ELISA.<\/p><p class=\"translation-block\"><strong>For applications:<\/strong> <a title=\"mailto:personal@seramun.com\" href=\"mailto:personal@seramun.com\" target=\"_self\">personal@seramun.com<\/p>\t\t\t\t\t\t\t\t<\/div>\n\t\t\t\t<\/div>\n\t\t\t\t<\/div>\n\t\t\t\t<\/div>\n\t\t\t\t\t<\/div>\n\t\t\t\t<\/div>\n\t\t\t\t<\/div>","protected":false},"excerpt":{"rendered":"<p>Seramun Diagnostica GmbH Seit 1992 steht Seramun Diagnostica f\u00fcr die Entwicklung und Herstellung qualitativ hochwertiger Labordiagnostika und gebrauchsfertiger Reagenzien. An unserem Standort in Heidesee bei Berlin entwickeln und produzieren wir unser gesamtes Produktsortiment \u2013 von Antigenen und Antik\u00f6rpern \u00fcber Blocker und Proteinstabilisatoren bis hin zu Substraten. Unsere Produkte sind kontinuierlich verf\u00fcgbar und unterst\u00fctzen Forschung sowie in-vitro-Diagnostik weltweit. Erg\u00e4nzt wird unser Portfolio durch eigene in-vitro-diagnostische Tests f\u00fcr die Autoimmun- und Infektionsserologie. Wen wir suchen? Wir suchen Studierende und Absolvent:innen insbesondere aus den Bereichen Biotechnologie, Chemie und verwandten Naturwissenschaften. Einsatz-m\u00f6glichkeiten bestehen in Forschung &amp; Entwicklung, Qualit\u00e4tsmanagement, Qualit\u00e4tskontrolle und Produktion. Wir bieten Themen f\u00fcr Bachelor- und Masterarbeiten sowie M\u00f6glichkeiten f\u00fcr Werkstudentent\u00e4tigkeiten und den Berufseinstieg Eure Einstiegsm\u00f6glichkeiten bei uns Als Student kannst du \u00fcber eine Werkstudentent\u00e4tigkeit oder ein Praktikum bei uns einsteigen und praktische Erfahrungen sammeln. Hochschul-Absolventen haben die Chance, ihre Abschlussarbeit bei uns zu schreiben und ihr Wissen in die Praxis umzusetzen. Und f\u00fcr Professionals mit Berufserfahrung und Expertise bieten wir direkte Einstiegsm\u00f6glichkeiten in verschiedenen Bereichen. Unser Arbeitsumfeld 1 Standort (Heidesee) Biochemischer Mittelstand Berlin N\u00e4he famili\u00e4rer Umgang Duz-Kultur flache Hierarchien Warum lohnt sich ein Besuch an unserem Messestand? Besuchen Sie unseren Messestand und entdecken Sie, wie Biotechnologie und Labordiagnostik in der Praxis aussehen. Erfahren Sie mehr \u00fcber die Entwicklung von Reagenzien und in-vitro-diagnostischen Tests und sprechen Sie mit unserem Team \u00fcber Werkstudentenstellen, Abschlussarbeiten und Einstiegs-m\u00f6glichkeiten bei Seramun Diagnostica. Fakten &amp; Kontakt Seramun Diagnostica wurde 1992 gegr\u00fcndet und besch\u00e4ftigt heute an die 90 Mitarbeitende am Standort Heidesee bei Berlin. Bei Fragen zu Einstiegsm\u00f6glichkeiten oder unserem Messeauftritt stehen Ihnen Susanne Schug Personalleitung, sowie Lars Hoffmann Bereichsleitung FuE ELISA gerne als Ansprechpartner*in zur Verf\u00fcgung. F\u00fcr Bewerbungen: personal@seramun.com<\/p>","protected":false},"author":1,"featured_media":0,"parent":0,"menu_order":0,"comment_status":"closed","ping_status":"closed","template":"","meta":{"site-sidebar-layout":"no-sidebar","site-content-layout":"","ast-site-content-layout":"full-width-container","site-content-style":"default","site-sidebar-style":"default","ast-global-header-display":"","ast-banner-title-visibility":"","ast-main-header-display":"","ast-hfb-above-header-display":"","ast-hfb-below-header-display":"","ast-hfb-mobile-header-display":"","site-post-title":"disabled","ast-breadcrumbs-content":"","ast-featured-img":"disabled","footer-sml-layout":"","ast-disable-related-posts":"","theme-transparent-header-meta":"default","adv-header-id-meta":"","stick-header-meta":"","header-above-stick-meta":"","header-main-stick-meta":"","header-below-stick-meta":"","astra-migrate-meta-layouts":"default","ast-page-background-enabled":"default","ast-page-background-meta":{"desktop":{"background-color":"var(--ast-global-color-5)","background-image":"","background-repeat":"repeat","background-position":"center center","background-size":"auto","background-attachment":"scroll","background-type":"","background-media":"","overlay-type":"","overlay-color":"","overlay-opacity":"","overlay-gradient":""},"tablet":{"background-color":"","background-image":"","background-repeat":"repeat","background-position":"center center","background-size":"auto","background-attachment":"scroll","background-type":"","background-media":"","overlay-type":"","overlay-color":"","overlay-opacity":"","overlay-gradient":""},"mobile":{"background-color":"","background-image":"","background-repeat":"repeat","background-position":"center center","background-size":"auto","background-attachment":"scroll","background-type":"","background-media":"","overlay-type":"","overlay-color":"","overlay-opacity":"","overlay-gradient":""}},"ast-content-background-meta":{"desktop":{"background-color":"var(--ast-global-color-4)","background-image":"","background-repeat":"repeat","background-position":"center center","background-size":"auto","background-attachment":"scroll","background-type":"","background-media":"","overlay-type":"","overlay-color":"","overlay-opacity":"","overlay-gradient":""},"tablet":{"background-color":"var(--ast-global-color-4)","background-image":"","background-repeat":"repeat","background-position":"center center","background-size":"auto","background-attachment":"scroll","background-type":"","background-media":"","overlay-type":"","overlay-color":"","overlay-opacity":"","overlay-gradient":""},"mobile":{"background-color":"var(--ast-global-color-4)","background-image":"","background-repeat":"repeat","background-position":"center center","background-size":"auto","background-attachment":"scroll","background-type":"","background-media":"","overlay-type":"","overlay-color":"","overlay-opacity":"","overlay-gradient":""}},"footnotes":""},"class_list":["post-3274","page","type-page","status-publish","hentry"],"yoast_head":"<!-- This site is optimized with the Yoast SEO plugin v27.3 - https:\/\/yoast.com\/product\/yoast-seo-wordpress\/ -->\n<title>Seramun Diagnostica GmbH - Kompass-Karrieremesse<\/title>\n<meta name=\"description\" content=\"Haben Sie Fragen? In unserem FAQ-Bereich finden Sie schnelle Antworten auf h\u00e4ufig gestellte Anliegen. Entdecken Sie hilfreiche Informationen\" \/>\n<meta name=\"robots\" content=\"index, follow, max-snippet:-1, max-image-preview:large, max-video-preview:-1\" \/>\n<link rel=\"canonical\" href=\"https:\/\/kompass-karrieremesse.de\/en\/seramun\/\" \/>\n<meta property=\"og:locale\" content=\"en_GB\" \/>\n<meta property=\"og:type\" content=\"article\" \/>\n<meta property=\"og:title\" content=\"Seramun Diagnostica GmbH - Kompass-Karrieremesse\" \/>\n<meta property=\"og:description\" content=\"Haben Sie Fragen? In unserem FAQ-Bereich finden Sie schnelle Antworten auf h\u00e4ufig gestellte Anliegen. Entdecken Sie hilfreiche Informationen\" \/>\n<meta property=\"og:url\" content=\"https:\/\/kompass-karrieremesse.de\/en\/seramun\/\" \/>\n<meta property=\"og:site_name\" content=\"Kompass-Karrieremesse\" \/>\n<meta property=\"article:modified_time\" content=\"2026-03-16T11:59:20+00:00\" \/>\n<meta property=\"og:image\" content=\"https:\/\/kompass-karrieremesse.de\/wp-content\/uploads\/2026\/03\/Seramun_Logo_cmyk.png\" \/>\n\t<meta property=\"og:image:width\" content=\"1336\" \/>\n\t<meta property=\"og:image:height\" content=\"344\" \/>\n\t<meta property=\"og:image:type\" content=\"image\/png\" \/>\n<meta name=\"twitter:card\" content=\"summary_large_image\" \/>\n<meta name=\"twitter:label1\" content=\"Estimated reading time\" \/>\n\t<meta name=\"twitter:data1\" content=\"2 minutes\" \/>\n<script type=\"application\/ld+json\" class=\"yoast-schema-graph\">{\"@context\":\"https:\\\/\\\/schema.org\",\"@graph\":[{\"@type\":\"WebPage\",\"@id\":\"https:\\\/\\\/kompass-karrieremesse.de\\\/seramun\\\/\",\"url\":\"https:\\\/\\\/kompass-karrieremesse.de\\\/seramun\\\/\",\"name\":\"Seramun Diagnostica GmbH - Kompass-Karrieremesse\",\"isPartOf\":{\"@id\":\"https:\\\/\\\/kompass-karrieremesse.de\\\/#website\"},\"primaryImageOfPage\":{\"@id\":\"https:\\\/\\\/kompass-karrieremesse.de\\\/seramun\\\/#primaryimage\"},\"image\":{\"@id\":\"https:\\\/\\\/kompass-karrieremesse.de\\\/seramun\\\/#primaryimage\"},\"thumbnailUrl\":\"https:\\\/\\\/kompass-karrieremesse.de\\\/wp-content\\\/uploads\\\/2026\\\/03\\\/Seramun_Logo_cmyk-1024x264.png\",\"datePublished\":\"2026-03-16T11:27:46+00:00\",\"dateModified\":\"2026-03-16T11:59:20+00:00\",\"description\":\"Haben Sie Fragen? In unserem FAQ-Bereich finden Sie schnelle Antworten auf h\u00e4ufig gestellte Anliegen. Entdecken Sie hilfreiche Informationen\",\"breadcrumb\":{\"@id\":\"https:\\\/\\\/kompass-karrieremesse.de\\\/seramun\\\/#breadcrumb\"},\"inLanguage\":\"en-GB\",\"potentialAction\":[{\"@type\":\"ReadAction\",\"target\":[\"https:\\\/\\\/kompass-karrieremesse.de\\\/seramun\\\/\"]}]},{\"@type\":\"ImageObject\",\"inLanguage\":\"en-GB\",\"@id\":\"https:\\\/\\\/kompass-karrieremesse.de\\\/seramun\\\/#primaryimage\",\"url\":\"https:\\\/\\\/kompass-karrieremesse.de\\\/wp-content\\\/uploads\\\/2026\\\/03\\\/Seramun_Logo_cmyk-1024x264.png\",\"contentUrl\":\"https:\\\/\\\/kompass-karrieremesse.de\\\/wp-content\\\/uploads\\\/2026\\\/03\\\/Seramun_Logo_cmyk-1024x264.png\"},{\"@type\":\"BreadcrumbList\",\"@id\":\"https:\\\/\\\/kompass-karrieremesse.de\\\/seramun\\\/#breadcrumb\",\"itemListElement\":[{\"@type\":\"ListItem\",\"position\":1,\"name\":\"Startseite\",\"item\":\"https:\\\/\\\/kompass-karrieremesse.de\\\/\"},{\"@type\":\"ListItem\",\"position\":2,\"name\":\"Seramun Diagnostica GmbH\"}]},{\"@type\":\"WebSite\",\"@id\":\"https:\\\/\\\/kompass-karrieremesse.de\\\/#website\",\"url\":\"https:\\\/\\\/kompass-karrieremesse.de\\\/\",\"name\":\"Kompass-Karrieremesse\",\"description\":\"Navigate your future\",\"publisher\":{\"@id\":\"https:\\\/\\\/kompass-karrieremesse.de\\\/#organization\"},\"potentialAction\":[{\"@type\":\"SearchAction\",\"target\":{\"@type\":\"EntryPoint\",\"urlTemplate\":\"https:\\\/\\\/kompass-karrieremesse.de\\\/?s={search_term_string}\"},\"query-input\":{\"@type\":\"PropertyValueSpecification\",\"valueRequired\":true,\"valueName\":\"search_term_string\"}}],\"inLanguage\":\"en-GB\"},{\"@type\":\"Organization\",\"@id\":\"https:\\\/\\\/kompass-karrieremesse.de\\\/#organization\",\"name\":\"Partnerkreis Industrie und Wirtschaft\",\"url\":\"https:\\\/\\\/kompass-karrieremesse.de\\\/\",\"logo\":{\"@type\":\"ImageObject\",\"inLanguage\":\"en-GB\",\"@id\":\"https:\\\/\\\/kompass-karrieremesse.de\\\/#\\\/schema\\\/logo\\\/image\\\/\",\"url\":\"https:\\\/\\\/kompass-karrieremesse.de\\\/wp-content\\\/uploads\\\/2025\\\/08\\\/Logo_PIW-scaled.png\",\"contentUrl\":\"https:\\\/\\\/kompass-karrieremesse.de\\\/wp-content\\\/uploads\\\/2025\\\/08\\\/Logo_PIW-scaled.png\",\"width\":2560,\"height\":1118,\"caption\":\"Partnerkreis Industrie und Wirtschaft\"},\"image\":{\"@id\":\"https:\\\/\\\/kompass-karrieremesse.de\\\/#\\\/schema\\\/logo\\\/image\\\/\"},\"sameAs\":[\"https:\\\/\\\/de.linkedin.com\\\/company\\\/partnerkreis-industrie-wirtschaft\"]}]}<\/script>\n<!-- \/ Yoast SEO plugin. -->","yoast_head_json":{"title":"Seramun Diagnostica GmbH - Kompass-Karrieremesse","description":"Haben Sie Fragen? In unserem FAQ-Bereich finden Sie schnelle Antworten auf h\u00e4ufig gestellte Anliegen. Entdecken Sie hilfreiche Informationen","robots":{"index":"index","follow":"follow","max-snippet":"max-snippet:-1","max-image-preview":"max-image-preview:large","max-video-preview":"max-video-preview:-1"},"canonical":"https:\/\/kompass-karrieremesse.de\/en\/seramun\/","og_locale":"en_GB","og_type":"article","og_title":"Seramun Diagnostica GmbH - Kompass-Karrieremesse","og_description":"Haben Sie Fragen? In unserem FAQ-Bereich finden Sie schnelle Antworten auf h\u00e4ufig gestellte Anliegen. Entdecken Sie hilfreiche Informationen","og_url":"https:\/\/kompass-karrieremesse.de\/en\/seramun\/","og_site_name":"Kompass-Karrieremesse","article_modified_time":"2026-03-16T11:59:20+00:00","og_image":[{"width":1336,"height":344,"url":"https:\/\/kompass-karrieremesse.de\/wp-content\/uploads\/2026\/03\/Seramun_Logo_cmyk.png","type":"image\/png"}],"twitter_card":"summary_large_image","twitter_misc":{"Estimated reading time":"2 minutes"},"schema":{"@context":"https:\/\/schema.org","@graph":[{"@type":"WebPage","@id":"https:\/\/kompass-karrieremesse.de\/seramun\/","url":"https:\/\/kompass-karrieremesse.de\/seramun\/","name":"Seramun Diagnostica GmbH - Kompass-Karrieremesse","isPartOf":{"@id":"https:\/\/kompass-karrieremesse.de\/#website"},"primaryImageOfPage":{"@id":"https:\/\/kompass-karrieremesse.de\/seramun\/#primaryimage"},"image":{"@id":"https:\/\/kompass-karrieremesse.de\/seramun\/#primaryimage"},"thumbnailUrl":"https:\/\/kompass-karrieremesse.de\/wp-content\/uploads\/2026\/03\/Seramun_Logo_cmyk-1024x264.png","datePublished":"2026-03-16T11:27:46+00:00","dateModified":"2026-03-16T11:59:20+00:00","description":"Haben Sie Fragen? In unserem FAQ-Bereich finden Sie schnelle Antworten auf h\u00e4ufig gestellte Anliegen. Entdecken Sie hilfreiche Informationen","breadcrumb":{"@id":"https:\/\/kompass-karrieremesse.de\/seramun\/#breadcrumb"},"inLanguage":"en-GB","potentialAction":[{"@type":"ReadAction","target":["https:\/\/kompass-karrieremesse.de\/seramun\/"]}]},{"@type":"ImageObject","inLanguage":"en-GB","@id":"https:\/\/kompass-karrieremesse.de\/seramun\/#primaryimage","url":"https:\/\/kompass-karrieremesse.de\/wp-content\/uploads\/2026\/03\/Seramun_Logo_cmyk-1024x264.png","contentUrl":"https:\/\/kompass-karrieremesse.de\/wp-content\/uploads\/2026\/03\/Seramun_Logo_cmyk-1024x264.png"},{"@type":"BreadcrumbList","@id":"https:\/\/kompass-karrieremesse.de\/seramun\/#breadcrumb","itemListElement":[{"@type":"ListItem","position":1,"name":"Startseite","item":"https:\/\/kompass-karrieremesse.de\/"},{"@type":"ListItem","position":2,"name":"Seramun Diagnostica GmbH"}]},{"@type":"WebSite","@id":"https:\/\/kompass-karrieremesse.de\/#website","url":"https:\/\/kompass-karrieremesse.de\/","name":"Kompass-Karrieremesse","description":"Navigate your future","publisher":{"@id":"https:\/\/kompass-karrieremesse.de\/#organization"},"potentialAction":[{"@type":"SearchAction","target":{"@type":"EntryPoint","urlTemplate":"https:\/\/kompass-karrieremesse.de\/?s={search_term_string}"},"query-input":{"@type":"PropertyValueSpecification","valueRequired":true,"valueName":"search_term_string"}}],"inLanguage":"en-GB"},{"@type":"Organization","@id":"https:\/\/kompass-karrieremesse.de\/#organization","name":"Partnerkreis Industrie und Wirtschaft","url":"https:\/\/kompass-karrieremesse.de\/","logo":{"@type":"ImageObject","inLanguage":"en-GB","@id":"https:\/\/kompass-karrieremesse.de\/#\/schema\/logo\/image\/","url":"https:\/\/kompass-karrieremesse.de\/wp-content\/uploads\/2025\/08\/Logo_PIW-scaled.png","contentUrl":"https:\/\/kompass-karrieremesse.de\/wp-content\/uploads\/2025\/08\/Logo_PIW-scaled.png","width":2560,"height":1118,"caption":"Partnerkreis Industrie und Wirtschaft"},"image":{"@id":"https:\/\/kompass-karrieremesse.de\/#\/schema\/logo\/image\/"},"sameAs":["https:\/\/de.linkedin.com\/company\/partnerkreis-industrie-wirtschaft"]}]}},"_links":{"self":[{"href":"https:\/\/kompass-karrieremesse.de\/en\/wp-json\/wp\/v2\/pages\/3274","targetHints":{"allow":["GET"]}}],"collection":[{"href":"https:\/\/kompass-karrieremesse.de\/en\/wp-json\/wp\/v2\/pages"}],"about":[{"href":"https:\/\/kompass-karrieremesse.de\/en\/wp-json\/wp\/v2\/types\/page"}],"author":[{"embeddable":true,"href":"https:\/\/kompass-karrieremesse.de\/en\/wp-json\/wp\/v2\/users\/1"}],"replies":[{"embeddable":true,"href":"https:\/\/kompass-karrieremesse.de\/en\/wp-json\/wp\/v2\/comments?post=3274"}],"version-history":[{"count":22,"href":"https:\/\/kompass-karrieremesse.de\/en\/wp-json\/wp\/v2\/pages\/3274\/revisions"}],"predecessor-version":[{"id":3296,"href":"https:\/\/kompass-karrieremesse.de\/en\/wp-json\/wp\/v2\/pages\/3274\/revisions\/3296"}],"wp:attachment":[{"href":"https:\/\/kompass-karrieremesse.de\/en\/wp-json\/wp\/v2\/media?parent=3274"}],"curies":[{"name":"wp","href":"https:\/\/api.w.org\/{rel}","templated":true}]}}