{"id":2813,"date":"2026-02-02T13:28:45","date_gmt":"2026-02-02T12:28:45","guid":{"rendered":"https:\/\/kompass-karrieremesse.de\/?page_id=2813"},"modified":"2026-02-02T13:38:05","modified_gmt":"2026-02-02T12:38:05","slug":"potsdam-transfer","status":"publish","type":"page","link":"https:\/\/kompass-karrieremesse.de\/en\/potsdam-transfer\/","title":{"rendered":"Universit\u00e4t Potsdam \u2013 Potsdam Transfer"},"content":{"rendered":"<div data-elementor-type=\"wp-page\" data-elementor-id=\"2813\" class=\"elementor elementor-2813\">\n\t\t\t\t<div class=\"elementor-element elementor-element-5c57ecd e-flex e-con-boxed wpr-particle-no wpr-jarallax-no wpr-parallax-no wpr-sticky-section-no e-con e-parent\" data-id=\"5c57ecd\" data-element_type=\"container\" data-e-type=\"container\" data-settings=\"{&quot;background_background&quot;:&quot;classic&quot;,&quot;_ha_eqh_enable&quot;:false}\">\n\t\t\t\t\t<div class=\"e-con-inner\">\n\t\t\t\t<div class=\"elementor-element elementor-element-1075b4e elementor-invisible elementor-widget elementor-widget-heading\" data-id=\"1075b4e\" data-element_type=\"widget\" data-e-type=\"widget\" data-settings=\"{&quot;_animation&quot;:&quot;fadeInDown&quot;}\" data-widget_type=\"heading.default\">\n\t\t\t\t\t<h2 class=\"elementor-heading-title elementor-size-default\">Universit\u00e4t Potsdam \u2013 Potsdam Transfer<\/h2>\t\t\t\t<\/div>\n\t\t\t\t<div class=\"elementor-element elementor-element-9ad1e25 elementor-widget-divider--view-line elementor-invisible elementor-widget elementor-widget-divider\" data-id=\"9ad1e25\" data-element_type=\"widget\" data-e-type=\"widget\" data-settings=\"{&quot;_animation&quot;:&quot;fadeInUp&quot;}\" data-widget_type=\"divider.default\">\n\t\t\t\t\t\t\t<div class=\"elementor-divider\">\n\t\t\t<span class=\"elementor-divider-separator\">\n\t\t\t\t\t\t<\/span>\n\t\t<\/div>\n\t\t\t\t\t\t<\/div>\n\t\t\t\t\t<\/div>\n\t\t\t\t<\/div>\n\t\t<div class=\"elementor-element elementor-element-8d8d0da e-flex e-con-boxed wpr-particle-no wpr-jarallax-no wpr-parallax-no wpr-sticky-section-no e-con e-parent\" data-id=\"8d8d0da\" data-element_type=\"container\" data-e-type=\"container\" data-settings=\"{&quot;background_background&quot;:&quot;gradient&quot;,&quot;_ha_eqh_enable&quot;:false}\">\n\t\t\t\t\t<div class=\"e-con-inner\">\n\t\t<div class=\"elementor-element elementor-element-011157e e-con-full e-flex wpr-particle-no wpr-jarallax-no wpr-parallax-no wpr-sticky-section-no e-con e-child\" data-id=\"011157e\" data-element_type=\"container\" data-e-type=\"container\" data-settings=\"{&quot;_ha_eqh_enable&quot;:false}\">\n\t\t<div class=\"elementor-element elementor-element-8aca8e8 e-con-full e-flex wpr-particle-no wpr-jarallax-no wpr-parallax-no wpr-sticky-section-no elementor-invisible e-con e-child\" data-id=\"8aca8e8\" data-element_type=\"container\" data-e-type=\"container\" data-settings=\"{&quot;animation&quot;:&quot;fadeInLeft&quot;,&quot;_ha_eqh_enable&quot;:false}\">\n\t\t\t\t<div class=\"elementor-element elementor-element-ace29bb elementor-widget elementor-widget-text-editor\" data-id=\"ace29bb\" data-element_type=\"widget\" data-e-type=\"widget\" data-widget_type=\"text-editor.default\">\n\t\t\t\t\t\t\t\t\t<p>We are Potsdam Transfer, the central institution for start-ups, innovation, knowledge and technology transfer at the University of Potsdam. We support members of the University of Potsdam in transforming their ideas, research results and projects into start-ups, collaborations and transfer formats.<\/p>\t\t\t\t\t\t\t\t<\/div>\n\t\t\t\t<\/div>\n\t\t<div class=\"elementor-element elementor-element-a52df21 e-con-full e-flex wpr-particle-no wpr-jarallax-no wpr-parallax-no wpr-sticky-section-no elementor-invisible e-con e-child\" data-id=\"a52df21\" data-element_type=\"container\" data-e-type=\"container\" data-settings=\"{&quot;animation&quot;:&quot;fadeInRight&quot;,&quot;_ha_eqh_enable&quot;:false}\">\n\t\t\t\t<div class=\"elementor-element elementor-element-4bf4dd3 ha-has-bg-overlay elementor-widget elementor-widget-image\" data-id=\"4bf4dd3\" data-element_type=\"widget\" data-e-type=\"widget\" data-widget_type=\"image.default\">\n\t\t\t\t\t\t\t\t\t\t\t\t\t\t\t\t<a href=\"https:\/\/www.uni-potsdam.de\/en\/potsdam-transfer\/\">\n\t\t\t\t\t\t\t<img fetchpriority=\"high\" decoding=\"async\" width=\"1024\" height=\"348\" src=\"https:\/\/kompass-karrieremesse.de\/wp-content\/uploads\/2025\/10\/Logo_PT_zentral-1024x348.png\" class=\"attachment-large size-large wp-image-1990\" alt=\"\" srcset=\"https:\/\/kompass-karrieremesse.de\/wp-content\/uploads\/2025\/10\/Logo_PT_zentral-1024x348.png 1024w, https:\/\/kompass-karrieremesse.de\/wp-content\/uploads\/2025\/10\/Logo_PT_zentral-300x102.png 300w, https:\/\/kompass-karrieremesse.de\/wp-content\/uploads\/2025\/10\/Logo_PT_zentral-768x261.png 768w, https:\/\/kompass-karrieremesse.de\/wp-content\/uploads\/2025\/10\/Logo_PT_zentral.png 1258w\" sizes=\"(max-width: 1024px) 100vw, 1024px\" \/>\t\t\t\t\t\t\t\t<\/a>\n\t\t\t\t\t\t\t\t\t\t\t\t\t\t\t<\/div>\n\t\t\t\t<\/div>\n\t\t\t\t<\/div>\n\t\t<div class=\"elementor-element elementor-element-3cfa2aa e-con-full e-flex eael_liquid_glass-effect1 eael_liquid_glass_shadow-effect1 wpr-particle-no wpr-jarallax-no wpr-parallax-no wpr-sticky-section-no elementor-invisible e-con e-child\" data-id=\"3cfa2aa\" data-element_type=\"container\" data-e-type=\"container\" data-settings=\"{&quot;animation&quot;:&quot;fadeInUp&quot;,&quot;_ha_eqh_enable&quot;:false}\">\n\t\t<div class=\"elementor-element elementor-element-57378ab e-con-full e-flex wpr-particle-no wpr-jarallax-no wpr-parallax-no wpr-sticky-section-no e-con e-child\" data-id=\"57378ab\" data-element_type=\"container\" data-e-type=\"container\" data-settings=\"{&quot;_ha_eqh_enable&quot;:false}\">\n\t\t<div class=\"elementor-element elementor-element-270c25b e-con-full e-flex wpr-particle-no wpr-jarallax-no wpr-parallax-no wpr-sticky-section-no e-con e-child\" data-id=\"270c25b\" data-element_type=\"container\" data-e-type=\"container\" data-settings=\"{&quot;_ha_eqh_enable&quot;:false}\">\n\t\t\t\t<div class=\"elementor-element elementor-element-78e8e73 elementor-widget elementor-widget-heading\" data-id=\"78e8e73\" data-element_type=\"widget\" data-e-type=\"widget\" data-widget_type=\"heading.default\">\n\t\t\t\t\t<h2 class=\"elementor-heading-title elementor-size-default\">Who are we looking for?<\/h2>\t\t\t\t<\/div>\n\t\t\t\t<div class=\"elementor-element elementor-element-492e6b8 elementor-widget elementor-widget-text-editor\" data-id=\"492e6b8\" data-element_type=\"widget\" data-e-type=\"widget\" data-widget_type=\"text-editor.default\">\n\t\t\t\t\t\t\t\t\t<p>We support students, researchers, employees, and alumni from all disciplines who are interested in start-ups, innovation, entrepreneurship, transfer projects, or trade fair appearances in further developing their ideas and implementing them successfully.<\/p>\t\t\t\t\t\t\t\t<\/div>\n\t\t\t\t<div class=\"elementor-element elementor-element-497c6f2 elementor-widget elementor-widget-heading\" data-id=\"497c6f2\" data-element_type=\"widget\" data-e-type=\"widget\" data-widget_type=\"heading.default\">\n\t\t\t\t\t<h2 class=\"elementor-heading-title elementor-size-default\">Our working environment<\/h2>\t\t\t\t<\/div>\n\t\t\t\t<div class=\"elementor-element elementor-element-d9f0ede elementor-widget elementor-widget-text-editor\" data-id=\"d9f0ede\" data-element_type=\"widget\" data-e-type=\"widget\" data-widget_type=\"text-editor.default\">\n\t\t\t\t\t\t\t\t\t<p>Our team of experienced advisors and scouts provides you with personal support at all three locations of the University of Potsdam. In an open, cooperative working environment, we provide you with individual support for start-up, innovation, and transfer projects.<\/p>\t\t\t\t\t\t\t\t<\/div>\n\t\t\t\t<div class=\"elementor-element elementor-element-49b5583 elementor-widget elementor-widget-heading\" data-id=\"49b5583\" data-element_type=\"widget\" data-e-type=\"widget\" data-widget_type=\"heading.default\">\n\t\t\t\t\t<h2 class=\"elementor-heading-title elementor-size-default\">Why is it worth visiting our booth?<\/h2>\t\t\t\t<\/div>\n\t\t\t\t<div class=\"elementor-element elementor-element-fe2aa02 elementor-widget elementor-widget-text-editor\" data-id=\"fe2aa02\" data-element_type=\"widget\" data-e-type=\"widget\" data-widget_type=\"text-editor.default\">\n\t\t\t\t\t\t\t\t\t<p>Our team of experienced advisors and scouts provides you with personal support at all three locations of the University of Potsdam. In an open, cooperative working environment, we provide you with individual support for start-up, innovation, and transfer projects.<span class=\"apple-converted-space\">\u200b\u00a0<\/span><\/p>\t\t\t\t\t\t\t\t<\/div>\n\t\t\t\t<\/div>\n\t\t\t\t<\/div>\n\t\t<div class=\"elementor-element elementor-element-d04079f e-con-full e-flex wpr-particle-no wpr-jarallax-no wpr-parallax-no wpr-sticky-section-no e-con e-child\" data-id=\"d04079f\" data-element_type=\"container\" data-e-type=\"container\" data-settings=\"{&quot;_ha_eqh_enable&quot;:false}\">\n\t\t\t\t<div class=\"elementor-element elementor-element-6a089f8 elementor-widget elementor-widget-heading\" data-id=\"6a089f8\" data-element_type=\"widget\" data-e-type=\"widget\" data-widget_type=\"heading.default\">\n\t\t\t\t\t<h2 class=\"elementor-heading-title elementor-size-default\">Your career opportunities with us<\/h2>\t\t\t\t<\/div>\n\t\t\t\t<div class=\"elementor-element elementor-element-31b9ec6 elementor-widget elementor-widget-text-editor\" data-id=\"31b9ec6\" data-element_type=\"widget\" data-e-type=\"widget\" data-widget_type=\"text-editor.default\">\n\t\t\t\t\t\t\t\t\t<p>Whether you want to become self-employed on a part-time or full-time basis, are looking for a cooperation partner for your research project, or want to take your research to the Science Slam stage: we will support you every step of the way.<\/p>\t\t\t\t\t\t\t\t<\/div>\n\t\t<div class=\"elementor-element elementor-element-911a43d e-con-full e-flex wpr-particle-no wpr-jarallax-no wpr-parallax-no wpr-sticky-section-no e-con e-child\" data-id=\"911a43d\" data-element_type=\"container\" data-e-type=\"container\" data-settings=\"{&quot;_ha_eqh_enable&quot;:false}\">\n\t\t\t\t<div class=\"elementor-element elementor-element-55fa1c7 elementor-widget elementor-widget-heading\" data-id=\"55fa1c7\" data-element_type=\"widget\" data-e-type=\"widget\" data-widget_type=\"heading.default\">\n\t\t\t\t\t<h2 class=\"elementor-heading-title elementor-size-default\">Facts &amp; Contact<\/h2>\t\t\t\t<\/div>\n\t\t\t\t<div class=\"elementor-element elementor-element-c849970 elementor-widget elementor-widget-text-editor\" data-id=\"c849970\" data-element_type=\"widget\" data-e-type=\"widget\" data-widget_type=\"text-editor.default\">\n\t\t\t\t\t\t\t\t\t<p class=\"p1 translation-block\">Do you have an idea or would you like to find out how we can support you in your everyday student life? <br><br>Then visit our open start-up consultation at TIP Haus 10, every second Tuesday of the month on the Golm campus, or send us an email at any time to <a title=\"mailto:Kontakt@potsdam-transfer.de\" href=\"mailto:Kontakt@potsdam-transfer.de\" target=\"_self\">Kontakt@potsdam-transfer.de<\/a>.<\/p><p class=\"p2\">\u00a0<\/p>\t\t\t\t\t\t\t\t<\/div>\n\t\t\t\t<\/div>\n\t\t\t\t<\/div>\n\t\t\t\t<\/div>\n\t\t\t\t\t<\/div>\n\t\t\t\t<\/div>\n\t\t\t\t<\/div>","protected":false},"excerpt":{"rendered":"<p>Universit\u00e4t Potsdam \u2013 Potsdam Transfer Wir sind Potsdam Transfer, die zentrale Einrichtung f\u00fcr Gr\u00fcndung, Innovation, Wissens- und Technologietransfer an der Universit\u00e4t Potsdam. Wir unterst\u00fctzen Angeh\u00f6rige der Universit\u00e4t Potsdam dabei, ihre Ideen, Forschungsergebnisse und Projekte in Gr\u00fcndungen, Kooperationen und Transferformate zu \u00fcberf\u00fchren. Wen wir suchen? Wir unterst\u00fctzen Studierende, Forschende, Mitarbeitende und Alumni aller Fachrichtungen mit Interesse an Gr\u00fcndung, Innovation, Unternehmertum, Transferprojekten oder Messeauftritten dabei, ihre Ideen weiterzuentwickeln und erfolgreich umzusetzen. Unser Arbeitsumfeld Unser Team aus erfahrenen Berater:innen und Scouts unterst\u00fctzt dich pers\u00f6nlich an allen drei Standorten der Universit\u00e4t Potsdam. In einem offenen, kooperativen Arbeitsumfeld begleiten wir dich individuell bei Gr\u00fcndungs-, Innovations- und Transferprojekten. Warum lohnt sich ein Besuch an unserem Messestand? Unser Angebot passt nicht auf eine Seite. Komm an unserem Messestand vorbei und erfahre, wie du von unseren Services profitieren kannst: Von Gr\u00fcndung \u00fcber Transfer bis Wissenschaftskommunikation.\u200b\u00a0 Eure Einstiegsm\u00f6glichkeiten bei uns Egal ob du dich Neben- oder Hauptberuflich selbstst\u00e4ndig machen m\u00f6chtest, einen Kooperationspartner f\u00fcr dein Forschungsprojekt suchst oder mit deiner Forschung auf die Science Slam B\u00fchne m\u00f6chtest: Wir unterst\u00fctzen dich auf deinem Weg. Fakten &amp; Kontakt Du hast eine Idee oder m\u00f6chtest erfahren, wie wir dich im Studienalltag unterst\u00fctzen k\u00f6nnen? Dann besuche unsere offene Gr\u00fcndungsberatung im TIP Haus 10, jeden zweiten Dienstag im Monat am Campus Golm, oder schreibe uns jederzeit eine E-Mail an Kontakt@potsdam-transfer.de \u00a0<\/p>","protected":false},"author":1,"featured_media":0,"parent":0,"menu_order":0,"comment_status":"closed","ping_status":"closed","template":"","meta":{"site-sidebar-layout":"no-sidebar","site-content-layout":"","ast-site-content-layout":"full-width-container","site-content-style":"default","site-sidebar-style":"default","ast-global-header-display":"","ast-banner-title-visibility":"","ast-main-header-display":"","ast-hfb-above-header-display":"","ast-hfb-below-header-display":"","ast-hfb-mobile-header-display":"","site-post-title":"disabled","ast-breadcrumbs-content":"","ast-featured-img":"disabled","footer-sml-layout":"","ast-disable-related-posts":"","theme-transparent-header-meta":"default","adv-header-id-meta":"","stick-header-meta":"","header-above-stick-meta":"","header-main-stick-meta":"","header-below-stick-meta":"","astra-migrate-meta-layouts":"default","ast-page-background-enabled":"default","ast-page-background-meta":{"desktop":{"background-color":"var(--ast-global-color-5)","background-image":"","background-repeat":"repeat","background-position":"center center","background-size":"auto","background-attachment":"scroll","background-type":"","background-media":"","overlay-type":"","overlay-color":"","overlay-opacity":"","overlay-gradient":""},"tablet":{"background-color":"","background-image":"","background-repeat":"repeat","background-position":"center center","background-size":"auto","background-attachment":"scroll","background-type":"","background-media":"","overlay-type":"","overlay-color":"","overlay-opacity":"","overlay-gradient":""},"mobile":{"background-color":"","background-image":"","background-repeat":"repeat","background-position":"center center","background-size":"auto","background-attachment":"scroll","background-type":"","background-media":"","overlay-type":"","overlay-color":"","overlay-opacity":"","overlay-gradient":""}},"ast-content-background-meta":{"desktop":{"background-color":"var(--ast-global-color-4)","background-image":"","background-repeat":"repeat","background-position":"center center","background-size":"auto","background-attachment":"scroll","background-type":"","background-media":"","overlay-type":"","overlay-color":"","overlay-opacity":"","overlay-gradient":""},"tablet":{"background-color":"var(--ast-global-color-4)","background-image":"","background-repeat":"repeat","background-position":"center center","background-size":"auto","background-attachment":"scroll","background-type":"","background-media":"","overlay-type":"","overlay-color":"","overlay-opacity":"","overlay-gradient":""},"mobile":{"background-color":"var(--ast-global-color-4)","background-image":"","background-repeat":"repeat","background-position":"center center","background-size":"auto","background-attachment":"scroll","background-type":"","background-media":"","overlay-type":"","overlay-color":"","overlay-opacity":"","overlay-gradient":""}},"footnotes":""},"class_list":["post-2813","page","type-page","status-publish","hentry"],"yoast_head":"<!-- This site is optimized with the Yoast SEO plugin v27.3 - https:\/\/yoast.com\/product\/yoast-seo-wordpress\/ -->\n<title>Universit\u00e4t Potsdam \u2013 Potsdam Transfer - Kompass-Karrieremesse<\/title>\n<meta name=\"description\" content=\"Haben Sie Fragen? In unserem FAQ-Bereich finden Sie schnelle Antworten auf h\u00e4ufig gestellte Anliegen. Entdecken Sie hilfreiche Informationen\" \/>\n<meta name=\"robots\" content=\"index, follow, max-snippet:-1, max-image-preview:large, max-video-preview:-1\" \/>\n<link rel=\"canonical\" href=\"https:\/\/kompass-karrieremesse.de\/en\/potsdam-transfer\/\" \/>\n<meta property=\"og:locale\" content=\"en_GB\" \/>\n<meta property=\"og:type\" content=\"article\" \/>\n<meta property=\"og:title\" content=\"Universit\u00e4t Potsdam \u2013 Potsdam Transfer - Kompass-Karrieremesse\" \/>\n<meta property=\"og:description\" content=\"Haben Sie Fragen? In unserem FAQ-Bereich finden Sie schnelle Antworten auf h\u00e4ufig gestellte Anliegen. Entdecken Sie hilfreiche Informationen\" \/>\n<meta property=\"og:url\" content=\"https:\/\/kompass-karrieremesse.de\/en\/potsdam-transfer\/\" \/>\n<meta property=\"og:site_name\" content=\"Kompass-Karrieremesse\" \/>\n<meta property=\"article:modified_time\" content=\"2026-02-02T12:38:05+00:00\" \/>\n<meta property=\"og:image\" content=\"https:\/\/kompass-karrieremesse.de\/wp-content\/uploads\/2025\/10\/Logo_PT_zentral.png\" \/>\n\t<meta property=\"og:image:width\" content=\"1258\" \/>\n\t<meta property=\"og:image:height\" content=\"428\" \/>\n\t<meta property=\"og:image:type\" content=\"image\/png\" \/>\n<meta name=\"twitter:card\" content=\"summary_large_image\" \/>\n<meta name=\"twitter:label1\" content=\"Estimated reading time\" \/>\n\t<meta name=\"twitter:data1\" content=\"2 minutes\" \/>\n<script type=\"application\/ld+json\" class=\"yoast-schema-graph\">{\"@context\":\"https:\\\/\\\/schema.org\",\"@graph\":[{\"@type\":\"WebPage\",\"@id\":\"https:\\\/\\\/kompass-karrieremesse.de\\\/potsdam-transfer\\\/\",\"url\":\"https:\\\/\\\/kompass-karrieremesse.de\\\/potsdam-transfer\\\/\",\"name\":\"Universit\u00e4t Potsdam \u2013 Potsdam Transfer - Kompass-Karrieremesse\",\"isPartOf\":{\"@id\":\"https:\\\/\\\/kompass-karrieremesse.de\\\/#website\"},\"primaryImageOfPage\":{\"@id\":\"https:\\\/\\\/kompass-karrieremesse.de\\\/potsdam-transfer\\\/#primaryimage\"},\"image\":{\"@id\":\"https:\\\/\\\/kompass-karrieremesse.de\\\/potsdam-transfer\\\/#primaryimage\"},\"thumbnailUrl\":\"https:\\\/\\\/kompass-karrieremesse.de\\\/wp-content\\\/uploads\\\/2025\\\/10\\\/Logo_PT_zentral-1024x348.png\",\"datePublished\":\"2026-02-02T12:28:45+00:00\",\"dateModified\":\"2026-02-02T12:38:05+00:00\",\"description\":\"Haben Sie Fragen? In unserem FAQ-Bereich finden Sie schnelle Antworten auf h\u00e4ufig gestellte Anliegen. Entdecken Sie hilfreiche Informationen\",\"breadcrumb\":{\"@id\":\"https:\\\/\\\/kompass-karrieremesse.de\\\/potsdam-transfer\\\/#breadcrumb\"},\"inLanguage\":\"en-GB\",\"potentialAction\":[{\"@type\":\"ReadAction\",\"target\":[\"https:\\\/\\\/kompass-karrieremesse.de\\\/potsdam-transfer\\\/\"]}]},{\"@type\":\"ImageObject\",\"inLanguage\":\"en-GB\",\"@id\":\"https:\\\/\\\/kompass-karrieremesse.de\\\/potsdam-transfer\\\/#primaryimage\",\"url\":\"https:\\\/\\\/kompass-karrieremesse.de\\\/wp-content\\\/uploads\\\/2025\\\/10\\\/Logo_PT_zentral-1024x348.png\",\"contentUrl\":\"https:\\\/\\\/kompass-karrieremesse.de\\\/wp-content\\\/uploads\\\/2025\\\/10\\\/Logo_PT_zentral-1024x348.png\"},{\"@type\":\"BreadcrumbList\",\"@id\":\"https:\\\/\\\/kompass-karrieremesse.de\\\/potsdam-transfer\\\/#breadcrumb\",\"itemListElement\":[{\"@type\":\"ListItem\",\"position\":1,\"name\":\"Startseite\",\"item\":\"https:\\\/\\\/kompass-karrieremesse.de\\\/\"},{\"@type\":\"ListItem\",\"position\":2,\"name\":\"Universit\u00e4t Potsdam \u2013 Potsdam Transfer\"}]},{\"@type\":\"WebSite\",\"@id\":\"https:\\\/\\\/kompass-karrieremesse.de\\\/#website\",\"url\":\"https:\\\/\\\/kompass-karrieremesse.de\\\/\",\"name\":\"Kompass-Karrieremesse\",\"description\":\"Navigate your future\",\"publisher\":{\"@id\":\"https:\\\/\\\/kompass-karrieremesse.de\\\/#organization\"},\"potentialAction\":[{\"@type\":\"SearchAction\",\"target\":{\"@type\":\"EntryPoint\",\"urlTemplate\":\"https:\\\/\\\/kompass-karrieremesse.de\\\/?s={search_term_string}\"},\"query-input\":{\"@type\":\"PropertyValueSpecification\",\"valueRequired\":true,\"valueName\":\"search_term_string\"}}],\"inLanguage\":\"en-GB\"},{\"@type\":\"Organization\",\"@id\":\"https:\\\/\\\/kompass-karrieremesse.de\\\/#organization\",\"name\":\"Partnerkreis Industrie und Wirtschaft\",\"url\":\"https:\\\/\\\/kompass-karrieremesse.de\\\/\",\"logo\":{\"@type\":\"ImageObject\",\"inLanguage\":\"en-GB\",\"@id\":\"https:\\\/\\\/kompass-karrieremesse.de\\\/#\\\/schema\\\/logo\\\/image\\\/\",\"url\":\"https:\\\/\\\/kompass-karrieremesse.de\\\/wp-content\\\/uploads\\\/2025\\\/08\\\/Logo_PIW-scaled.png\",\"contentUrl\":\"https:\\\/\\\/kompass-karrieremesse.de\\\/wp-content\\\/uploads\\\/2025\\\/08\\\/Logo_PIW-scaled.png\",\"width\":2560,\"height\":1118,\"caption\":\"Partnerkreis Industrie und Wirtschaft\"},\"image\":{\"@id\":\"https:\\\/\\\/kompass-karrieremesse.de\\\/#\\\/schema\\\/logo\\\/image\\\/\"},\"sameAs\":[\"https:\\\/\\\/de.linkedin.com\\\/company\\\/partnerkreis-industrie-wirtschaft\"]}]}<\/script>\n<!-- \/ Yoast SEO plugin. -->","yoast_head_json":{"title":"Universit\u00e4t Potsdam \u2013 Potsdam Transfer - Kompass-Karrieremesse","description":"Haben Sie Fragen? In unserem FAQ-Bereich finden Sie schnelle Antworten auf h\u00e4ufig gestellte Anliegen. Entdecken Sie hilfreiche Informationen","robots":{"index":"index","follow":"follow","max-snippet":"max-snippet:-1","max-image-preview":"max-image-preview:large","max-video-preview":"max-video-preview:-1"},"canonical":"https:\/\/kompass-karrieremesse.de\/en\/potsdam-transfer\/","og_locale":"en_GB","og_type":"article","og_title":"Universit\u00e4t Potsdam \u2013 Potsdam Transfer - Kompass-Karrieremesse","og_description":"Haben Sie Fragen? In unserem FAQ-Bereich finden Sie schnelle Antworten auf h\u00e4ufig gestellte Anliegen. Entdecken Sie hilfreiche Informationen","og_url":"https:\/\/kompass-karrieremesse.de\/en\/potsdam-transfer\/","og_site_name":"Kompass-Karrieremesse","article_modified_time":"2026-02-02T12:38:05+00:00","og_image":[{"width":1258,"height":428,"url":"https:\/\/kompass-karrieremesse.de\/wp-content\/uploads\/2025\/10\/Logo_PT_zentral.png","type":"image\/png"}],"twitter_card":"summary_large_image","twitter_misc":{"Estimated reading time":"2 minutes"},"schema":{"@context":"https:\/\/schema.org","@graph":[{"@type":"WebPage","@id":"https:\/\/kompass-karrieremesse.de\/potsdam-transfer\/","url":"https:\/\/kompass-karrieremesse.de\/potsdam-transfer\/","name":"Universit\u00e4t Potsdam \u2013 Potsdam Transfer - Kompass-Karrieremesse","isPartOf":{"@id":"https:\/\/kompass-karrieremesse.de\/#website"},"primaryImageOfPage":{"@id":"https:\/\/kompass-karrieremesse.de\/potsdam-transfer\/#primaryimage"},"image":{"@id":"https:\/\/kompass-karrieremesse.de\/potsdam-transfer\/#primaryimage"},"thumbnailUrl":"https:\/\/kompass-karrieremesse.de\/wp-content\/uploads\/2025\/10\/Logo_PT_zentral-1024x348.png","datePublished":"2026-02-02T12:28:45+00:00","dateModified":"2026-02-02T12:38:05+00:00","description":"Haben Sie Fragen? In unserem FAQ-Bereich finden Sie schnelle Antworten auf h\u00e4ufig gestellte Anliegen. Entdecken Sie hilfreiche Informationen","breadcrumb":{"@id":"https:\/\/kompass-karrieremesse.de\/potsdam-transfer\/#breadcrumb"},"inLanguage":"en-GB","potentialAction":[{"@type":"ReadAction","target":["https:\/\/kompass-karrieremesse.de\/potsdam-transfer\/"]}]},{"@type":"ImageObject","inLanguage":"en-GB","@id":"https:\/\/kompass-karrieremesse.de\/potsdam-transfer\/#primaryimage","url":"https:\/\/kompass-karrieremesse.de\/wp-content\/uploads\/2025\/10\/Logo_PT_zentral-1024x348.png","contentUrl":"https:\/\/kompass-karrieremesse.de\/wp-content\/uploads\/2025\/10\/Logo_PT_zentral-1024x348.png"},{"@type":"BreadcrumbList","@id":"https:\/\/kompass-karrieremesse.de\/potsdam-transfer\/#breadcrumb","itemListElement":[{"@type":"ListItem","position":1,"name":"Startseite","item":"https:\/\/kompass-karrieremesse.de\/"},{"@type":"ListItem","position":2,"name":"Universit\u00e4t Potsdam \u2013 Potsdam Transfer"}]},{"@type":"WebSite","@id":"https:\/\/kompass-karrieremesse.de\/#website","url":"https:\/\/kompass-karrieremesse.de\/","name":"Kompass-Karrieremesse","description":"Navigate your future","publisher":{"@id":"https:\/\/kompass-karrieremesse.de\/#organization"},"potentialAction":[{"@type":"SearchAction","target":{"@type":"EntryPoint","urlTemplate":"https:\/\/kompass-karrieremesse.de\/?s={search_term_string}"},"query-input":{"@type":"PropertyValueSpecification","valueRequired":true,"valueName":"search_term_string"}}],"inLanguage":"en-GB"},{"@type":"Organization","@id":"https:\/\/kompass-karrieremesse.de\/#organization","name":"Partnerkreis Industrie und Wirtschaft","url":"https:\/\/kompass-karrieremesse.de\/","logo":{"@type":"ImageObject","inLanguage":"en-GB","@id":"https:\/\/kompass-karrieremesse.de\/#\/schema\/logo\/image\/","url":"https:\/\/kompass-karrieremesse.de\/wp-content\/uploads\/2025\/08\/Logo_PIW-scaled.png","contentUrl":"https:\/\/kompass-karrieremesse.de\/wp-content\/uploads\/2025\/08\/Logo_PIW-scaled.png","width":2560,"height":1118,"caption":"Partnerkreis Industrie und Wirtschaft"},"image":{"@id":"https:\/\/kompass-karrieremesse.de\/#\/schema\/logo\/image\/"},"sameAs":["https:\/\/de.linkedin.com\/company\/partnerkreis-industrie-wirtschaft"]}]}},"_links":{"self":[{"href":"https:\/\/kompass-karrieremesse.de\/en\/wp-json\/wp\/v2\/pages\/2813","targetHints":{"allow":["GET"]}}],"collection":[{"href":"https:\/\/kompass-karrieremesse.de\/en\/wp-json\/wp\/v2\/pages"}],"about":[{"href":"https:\/\/kompass-karrieremesse.de\/en\/wp-json\/wp\/v2\/types\/page"}],"author":[{"embeddable":true,"href":"https:\/\/kompass-karrieremesse.de\/en\/wp-json\/wp\/v2\/users\/1"}],"replies":[{"embeddable":true,"href":"https:\/\/kompass-karrieremesse.de\/en\/wp-json\/wp\/v2\/comments?post=2813"}],"version-history":[{"count":10,"href":"https:\/\/kompass-karrieremesse.de\/en\/wp-json\/wp\/v2\/pages\/2813\/revisions"}],"predecessor-version":[{"id":2823,"href":"https:\/\/kompass-karrieremesse.de\/en\/wp-json\/wp\/v2\/pages\/2813\/revisions\/2823"}],"wp:attachment":[{"href":"https:\/\/kompass-karrieremesse.de\/en\/wp-json\/wp\/v2\/media?parent=2813"}],"curies":[{"name":"wp","href":"https:\/\/api.w.org\/{rel}","templated":true}]}}