{"id":2637,"date":"2026-01-27T16:51:23","date_gmt":"2026-01-27T15:51:23","guid":{"rendered":"https:\/\/kompass-karrieremesse.de\/?page_id=2637"},"modified":"2026-02-02T11:36:11","modified_gmt":"2026-02-02T10:36:11","slug":"bundeswehr","status":"publish","type":"page","link":"https:\/\/kompass-karrieremesse.de\/en\/bundeswehr\/","title":{"rendered":"Bundeswehr"},"content":{"rendered":"<div data-elementor-type=\"wp-page\" data-elementor-id=\"2637\" class=\"elementor elementor-2637\">\n\t\t\t\t<div class=\"elementor-element elementor-element-5c57ecd e-flex e-con-boxed wpr-particle-no wpr-jarallax-no wpr-parallax-no wpr-sticky-section-no e-con e-parent\" data-id=\"5c57ecd\" data-element_type=\"container\" data-e-type=\"container\" data-settings=\"{&quot;background_background&quot;:&quot;classic&quot;,&quot;_ha_eqh_enable&quot;:false}\">\n\t\t\t\t\t<div class=\"e-con-inner\">\n\t\t\t\t<div class=\"elementor-element elementor-element-1075b4e elementor-invisible elementor-widget elementor-widget-heading\" data-id=\"1075b4e\" data-element_type=\"widget\" data-e-type=\"widget\" data-settings=\"{&quot;_animation&quot;:&quot;fadeInDown&quot;}\" data-widget_type=\"heading.default\">\n\t\t\t\t\t<h2 class=\"elementor-heading-title elementor-size-default\">Bundeswehr<\/h2>\t\t\t\t<\/div>\n\t\t\t\t<div class=\"elementor-element elementor-element-9ad1e25 elementor-widget-divider--view-line elementor-invisible elementor-widget elementor-widget-divider\" data-id=\"9ad1e25\" data-element_type=\"widget\" data-e-type=\"widget\" data-settings=\"{&quot;_animation&quot;:&quot;fadeInUp&quot;}\" data-widget_type=\"divider.default\">\n\t\t\t\t\t\t\t<div class=\"elementor-divider\">\n\t\t\t<span class=\"elementor-divider-separator\">\n\t\t\t\t\t\t<\/span>\n\t\t<\/div>\n\t\t\t\t\t\t<\/div>\n\t\t\t\t\t<\/div>\n\t\t\t\t<\/div>\n\t\t<div class=\"elementor-element elementor-element-8d8d0da e-flex e-con-boxed wpr-particle-no wpr-jarallax-no wpr-parallax-no wpr-sticky-section-no e-con e-parent\" data-id=\"8d8d0da\" data-element_type=\"container\" data-e-type=\"container\" data-settings=\"{&quot;background_background&quot;:&quot;gradient&quot;,&quot;_ha_eqh_enable&quot;:false}\">\n\t\t\t\t\t<div class=\"e-con-inner\">\n\t\t<div class=\"elementor-element elementor-element-011157e e-flex e-con-boxed wpr-particle-no wpr-jarallax-no wpr-parallax-no wpr-sticky-section-no e-con e-child\" data-id=\"011157e\" data-element_type=\"container\" data-e-type=\"container\" data-settings=\"{&quot;_ha_eqh_enable&quot;:false}\">\n\t\t\t\t\t<div class=\"e-con-inner\">\n\t\t<div class=\"elementor-element elementor-element-8aca8e8 e-con-full e-flex wpr-particle-no wpr-jarallax-no wpr-parallax-no wpr-sticky-section-no elementor-invisible e-con e-child\" data-id=\"8aca8e8\" data-element_type=\"container\" data-e-type=\"container\" data-settings=\"{&quot;animation&quot;:&quot;fadeInLeft&quot;,&quot;_ha_eqh_enable&quot;:false}\">\n\t\t\t\t<div class=\"elementor-element elementor-element-ace29bb elementor-widget elementor-widget-text-editor\" data-id=\"ace29bb\" data-element_type=\"widget\" data-e-type=\"widget\" data-widget_type=\"text-editor.default\">\n\t\t\t\t\t\t\t\t\t<p>The Bundeswehr consists of the armed forces, the Bundeswehr administration, the civilian organizational areas of the administration of justice and military chaplaincy, and the Federal Office for Military Counter-Intelligence as a civilian agency directly subordinate to the Federal Ministry of Defense.<\/p><p>Within the organization of the Bundeswehr, the armed forces form the military core.<\/p><p>The second strand of the Bundeswehr's organization is the Bundeswehr Administration. This is because Article 87b of the Basic Law stipulates that the personnel and material requirements of the armed forces are to be met by a civilian administration. The civilian organizational areas are: personnel, equipment, information technology and utilization, as well as infrastructure, environmental protection, and services. In addition, military chaplaincy and the administration of justice are part of the non-military section of the Bundeswehr's organization.<\/p><p><strong>We are looking for staff for both areas.<\/strong><\/p>\t\t\t\t\t\t\t\t<\/div>\n\t\t\t\t<\/div>\n\t\t<div class=\"elementor-element elementor-element-a52df21 e-flex e-con-boxed wpr-particle-no wpr-jarallax-no wpr-parallax-no wpr-sticky-section-no elementor-invisible e-con e-child\" data-id=\"a52df21\" data-element_type=\"container\" data-e-type=\"container\" data-settings=\"{&quot;animation&quot;:&quot;fadeInRight&quot;,&quot;background_background&quot;:&quot;classic&quot;,&quot;_ha_eqh_enable&quot;:false}\">\n\t\t\t\t\t<div class=\"e-con-inner\">\n\t\t\t\t<div class=\"elementor-element elementor-element-7a279fd elementor-widget elementor-widget-image\" data-id=\"7a279fd\" data-element_type=\"widget\" data-e-type=\"widget\" data-widget_type=\"image.default\">\n\t\t\t\t\t\t\t\t\t\t\t\t\t\t\t\t<a href=\"https:\/\/www.bundeswehr.de\/en\/\">\n\t\t\t\t\t\t\t<img fetchpriority=\"high\" decoding=\"async\" width=\"1024\" height=\"751\" src=\"https:\/\/kompass-karrieremesse.de\/wp-content\/uploads\/2026\/01\/Bundeswehr_Logo_RGB-1024x751.png\" class=\"attachment-large size-large wp-image-2639\" alt=\"\" srcset=\"\" sizes=\"(max-width: 1024px) 100vw, 1024px\" data-srcset=\"\" \/>\t\t\t\t\t\t\t\t<\/a>\n\t\t\t\t\t\t\t\t\t\t\t\t\t\t\t<\/div>\n\t\t\t\t\t<\/div>\n\t\t\t\t<\/div>\n\t\t\t\t\t<\/div>\n\t\t\t\t<\/div>\n\t\t<div class=\"elementor-element elementor-element-3cfa2aa e-con-full e-flex eael_liquid_glass-effect1 eael_liquid_glass_shadow-effect1 wpr-particle-no wpr-jarallax-no wpr-parallax-no wpr-sticky-section-no elementor-invisible e-con e-child\" data-id=\"3cfa2aa\" data-element_type=\"container\" data-e-type=\"container\" data-settings=\"{&quot;animation&quot;:&quot;fadeInUp&quot;,&quot;_ha_eqh_enable&quot;:false}\">\n\t\t<div class=\"elementor-element elementor-element-57378ab e-con-full e-flex wpr-particle-no wpr-jarallax-no wpr-parallax-no wpr-sticky-section-no e-con e-child\" data-id=\"57378ab\" data-element_type=\"container\" data-e-type=\"container\" data-settings=\"{&quot;_ha_eqh_enable&quot;:false}\">\n\t\t<div class=\"elementor-element elementor-element-270c25b e-con-full e-flex wpr-particle-no wpr-jarallax-no wpr-parallax-no wpr-sticky-section-no e-con e-child\" data-id=\"270c25b\" data-element_type=\"container\" data-e-type=\"container\" data-settings=\"{&quot;_ha_eqh_enable&quot;:false}\">\n\t\t\t\t<div class=\"elementor-element elementor-element-78e8e73 elementor-widget elementor-widget-heading\" data-id=\"78e8e73\" data-element_type=\"widget\" data-e-type=\"widget\" data-widget_type=\"heading.default\">\n\t\t\t\t\t<h2 class=\"elementor-heading-title elementor-size-default\">Who are we looking for?<\/h2>\t\t\t\t<\/div>\n\t\t\t\t<div class=\"elementor-element elementor-element-492e6b8 elementor-widget elementor-widget-text-editor\" data-id=\"492e6b8\" data-element_type=\"widget\" data-e-type=\"widget\" data-widget_type=\"text-editor.default\">\n\t\t\t\t\t\t\t\t\t<p>We are looking for graduates with a bachelor's or master's degree in a wide range of disciplines (law, psychology, economics, technical studies, IT studies, etc.).<\/p>\t\t\t\t\t\t\t\t<\/div>\n\t\t\t\t<div class=\"elementor-element elementor-element-6a089f8 elementor-widget elementor-widget-heading\" data-id=\"6a089f8\" data-element_type=\"widget\" data-e-type=\"widget\" data-widget_type=\"heading.default\">\n\t\t\t\t\t<h2 class=\"elementor-heading-title elementor-size-default\">Your career opportunities with us<\/h2>\t\t\t\t<\/div>\n\t\t\t\t<div class=\"elementor-element elementor-element-31b9ec6 elementor-widget elementor-widget-text-editor\" data-id=\"31b9ec6\" data-element_type=\"widget\" data-e-type=\"widget\" data-widget_type=\"text-editor.default\">\n\t\t\t\t\t\t\t\t\t<p class=\"my-2\">Trainee programs and direct entry are possible, mostly in civil service careers.<\/p>\t\t\t\t\t\t\t\t<\/div>\n\t\t\t\t<div class=\"elementor-element elementor-element-497c6f2 elementor-widget elementor-widget-heading\" data-id=\"497c6f2\" data-element_type=\"widget\" data-e-type=\"widget\" data-widget_type=\"heading.default\">\n\t\t\t\t\t<h2 class=\"elementor-heading-title elementor-size-default\">Our working environment<\/h2>\t\t\t\t<\/div>\n\t\t\t\t<div class=\"elementor-element elementor-element-d9f0ede elementor-widget elementor-widget-text-editor\" data-id=\"d9f0ede\" data-element_type=\"widget\" data-e-type=\"widget\" data-widget_type=\"text-editor.default\">\n\t\t\t\t\t\t\t\t\t<p>The German Armed Forces are represented nationwide and the positions are spread across the entire country.<\/p>\t\t\t\t\t\t\t\t<\/div>\n\t\t\t\t<\/div>\n\t\t\t\t<\/div>\n\t\t<div class=\"elementor-element elementor-element-d04079f e-con-full e-flex wpr-particle-no wpr-jarallax-no wpr-parallax-no wpr-sticky-section-no e-con e-child\" data-id=\"d04079f\" data-element_type=\"container\" data-e-type=\"container\" data-settings=\"{&quot;_ha_eqh_enable&quot;:false}\">\n\t\t<div class=\"elementor-element elementor-element-911a43d e-con-full e-flex wpr-particle-no wpr-jarallax-no wpr-parallax-no wpr-sticky-section-no e-con e-child\" data-id=\"911a43d\" data-element_type=\"container\" data-e-type=\"container\" data-settings=\"{&quot;_ha_eqh_enable&quot;:false}\">\n\t\t\t\t<div class=\"elementor-element elementor-element-49b5583 elementor-widget elementor-widget-heading\" data-id=\"49b5583\" data-element_type=\"widget\" data-e-type=\"widget\" data-widget_type=\"heading.default\">\n\t\t\t\t\t<h2 class=\"elementor-heading-title elementor-size-default\">Why is it worth visiting our booth?<\/h2>\t\t\t\t<\/div>\n\t\t\t\t<div class=\"elementor-element elementor-element-fe2aa02 elementor-widget elementor-widget-text-editor\" data-id=\"fe2aa02\" data-element_type=\"widget\" data-e-type=\"widget\" data-widget_type=\"text-editor.default\">\n\t\t\t\t\t\t\t\t\t<p>Take a look at the opportunities available in the German Armed Forces. Most visitors to the exhibition stand are very surprised by the variety on offer.<\/p>\t\t\t\t\t\t\t\t<\/div>\n\t\t\t\t<div class=\"elementor-element elementor-element-55fa1c7 elementor-widget elementor-widget-heading\" data-id=\"55fa1c7\" data-element_type=\"widget\" data-e-type=\"widget\" data-widget_type=\"heading.default\">\n\t\t\t\t\t<h2 class=\"elementor-heading-title elementor-size-default\">Facts &amp; Contact<\/h2>\t\t\t\t<\/div>\n\t\t\t\t<div class=\"elementor-element elementor-element-c849970 elementor-widget elementor-widget-text-editor\" data-id=\"c849970\" data-element_type=\"widget\" data-e-type=\"widget\" data-widget_type=\"text-editor.default\">\n\t\t\t\t\t\t\t\t\t<p>80,000 civilian employees. Over 180,000 soldiers. <\/p><p class=\"translation-block\"><strong>Contact person for the fair:<\/strong> <br>Ms. Lieske <br>Career Counseling Service of the German Armed Forces Potsdam <br>0331 2978 502<\/p>\t\t\t\t\t\t\t\t<\/div>\n\t\t\t\t<\/div>\n\t\t\t\t<\/div>\n\t\t\t\t<\/div>\n\t\t\t\t\t<\/div>\n\t\t\t\t<\/div>\n\t\t\t\t<\/div>","protected":false},"excerpt":{"rendered":"<p>Bundeswehr Die Bundeswehr besteht aus den Streitkr\u00e4ften, der Bundeswehrverwaltung, den zivilen Organisationsbereichen der Rechtspflege und der Milit\u00e4rseelsorge sowie dem Bundesamt f\u00fcr den Milit\u00e4rischen Abschirmdienst als unmittelbar dem Bundesministerium der Verteidigung unterstellte zivile Dienststelle. Innerhalb der Organisation der Bundeswehr bilden die Streitkr\u00e4fte den milit\u00e4rischen Kern. Der zweite Strang der Organisation der Bundeswehr ist die Bundeswehrverwaltung. Denn der Artikel 87b des Grundgesetzes sieht vor, dass der Personal- und Sachbedarf der Truppe durch eine zivile Verwaltung gedeckt wird. Die zivilen Organisationsbereiche sind: der Bereich Personal, der Bereich Ausr\u00fcstung, Informationstechnik und Nutzung sowie der Bereich Infrastruktur, Umweltschutz und Dienstleistungen. Au\u00dferdem z\u00e4hlen die Milit\u00e4rseelsorge und die Rechtspflege zum nicht-milit\u00e4rischen Teil der Organisation der Bundeswehr. Personal suchen wir f\u00fcr beide Bereiche. Wen wir suchen? Wir suchen Absolventen mit einem Bachelor- bzw. Masterabschluss in den verschiedensten Fachrichtungen (Jura; Psychologie, Wirtschaftswissenschaften, Technische Studieng\u00e4nge, IT-Studieng\u00e4nge\u2026) Eure Einstiegsm\u00f6glichkeiten bei uns Traineeprogramme und Direkteinstieg sind m\u00f6glich, zumeist in Beamtenlaufbahnen. Unser Arbeitsumfeld Die Bundeswehr ist bundesweit vertreten und die Stellen verteilen sich \u00fcber das gesamte Bundesgebiet. Warum lohnt sich ein Besuch an unserem Messestand? Schauen Sie sich an, was es f\u00fcr M\u00f6glichkeiten bei der Bundeswehr gibt. Die meisten Messestandbesucher sind von der Vielfalt sehr \u00fcberrascht. Fakten &amp; Kontakt 80.000 zivile Mitarbeiter. \u00dcber 180000 Soldaten. Ansprechpartner f\u00fcr die Messe: Frau Lieske\u00a0Karriereberatung der Bundeswehr Potsdam\u00a00331 2978 502<\/p>","protected":false},"author":1,"featured_media":0,"parent":0,"menu_order":0,"comment_status":"closed","ping_status":"closed","template":"","meta":{"site-sidebar-layout":"no-sidebar","site-content-layout":"","ast-site-content-layout":"full-width-container","site-content-style":"default","site-sidebar-style":"default","ast-global-header-display":"","ast-banner-title-visibility":"","ast-main-header-display":"","ast-hfb-above-header-display":"","ast-hfb-below-header-display":"","ast-hfb-mobile-header-display":"","site-post-title":"disabled","ast-breadcrumbs-content":"","ast-featured-img":"disabled","footer-sml-layout":"","ast-disable-related-posts":"","theme-transparent-header-meta":"default","adv-header-id-meta":"","stick-header-meta":"","header-above-stick-meta":"","header-main-stick-meta":"","header-below-stick-meta":"","astra-migrate-meta-layouts":"default","ast-page-background-enabled":"default","ast-page-background-meta":{"desktop":{"background-color":"var(--ast-global-color-5)","background-image":"","background-repeat":"repeat","background-position":"center center","background-size":"auto","background-attachment":"scroll","background-type":"","background-media":"","overlay-type":"","overlay-color":"","overlay-opacity":"","overlay-gradient":""},"tablet":{"background-color":"","background-image":"","background-repeat":"repeat","background-position":"center center","background-size":"auto","background-attachment":"scroll","background-type":"","background-media":"","overlay-type":"","overlay-color":"","overlay-opacity":"","overlay-gradient":""},"mobile":{"background-color":"","background-image":"","background-repeat":"repeat","background-position":"center center","background-size":"auto","background-attachment":"scroll","background-type":"","background-media":"","overlay-type":"","overlay-color":"","overlay-opacity":"","overlay-gradient":""}},"ast-content-background-meta":{"desktop":{"background-color":"var(--ast-global-color-4)","background-image":"","background-repeat":"repeat","background-position":"center center","background-size":"auto","background-attachment":"scroll","background-type":"","background-media":"","overlay-type":"","overlay-color":"","overlay-opacity":"","overlay-gradient":""},"tablet":{"background-color":"var(--ast-global-color-4)","background-image":"","background-repeat":"repeat","background-position":"center center","background-size":"auto","background-attachment":"scroll","background-type":"","background-media":"","overlay-type":"","overlay-color":"","overlay-opacity":"","overlay-gradient":""},"mobile":{"background-color":"var(--ast-global-color-4)","background-image":"","background-repeat":"repeat","background-position":"center center","background-size":"auto","background-attachment":"scroll","background-type":"","background-media":"","overlay-type":"","overlay-color":"","overlay-opacity":"","overlay-gradient":""}},"footnotes":""},"class_list":["post-2637","page","type-page","status-publish","hentry"],"yoast_head":"<!-- This site is optimized with the Yoast SEO plugin v27.3 - https:\/\/yoast.com\/product\/yoast-seo-wordpress\/ -->\n<title>Bundeswehr - Kompass-Karrieremesse<\/title>\n<meta name=\"description\" content=\"Haben Sie Fragen? In unserem FAQ-Bereich finden Sie schnelle Antworten auf h\u00e4ufig gestellte Anliegen. Entdecken Sie hilfreiche Informationen\" \/>\n<meta name=\"robots\" content=\"index, follow, max-snippet:-1, max-image-preview:large, max-video-preview:-1\" \/>\n<link rel=\"canonical\" href=\"https:\/\/kompass-karrieremesse.de\/en\/bundeswehr\/\" \/>\n<meta property=\"og:locale\" content=\"en_GB\" \/>\n<meta property=\"og:type\" content=\"article\" \/>\n<meta property=\"og:title\" content=\"Bundeswehr - Kompass-Karrieremesse\" \/>\n<meta property=\"og:description\" content=\"Haben Sie Fragen? In unserem FAQ-Bereich finden Sie schnelle Antworten auf h\u00e4ufig gestellte Anliegen. Entdecken Sie hilfreiche Informationen\" \/>\n<meta property=\"og:url\" content=\"https:\/\/kompass-karrieremesse.de\/en\/bundeswehr\/\" \/>\n<meta property=\"og:site_name\" content=\"Kompass-Karrieremesse\" \/>\n<meta property=\"article:modified_time\" content=\"2026-02-02T10:36:11+00:00\" \/>\n<meta property=\"og:image\" content=\"https:\/\/kompass-karrieremesse.de\/wp-content\/uploads\/2026\/01\/Bundeswehr_Logo_RGB-scaled.png\" \/>\n\t<meta property=\"og:image:width\" content=\"2560\" \/>\n\t<meta property=\"og:image:height\" content=\"1877\" \/>\n\t<meta property=\"og:image:type\" content=\"image\/png\" \/>\n<meta name=\"twitter:card\" content=\"summary_large_image\" \/>\n<meta name=\"twitter:label1\" content=\"Estimated reading time\" \/>\n\t<meta name=\"twitter:data1\" content=\"2 minutes\" \/>\n<script type=\"application\/ld+json\" class=\"yoast-schema-graph\">{\"@context\":\"https:\\\/\\\/schema.org\",\"@graph\":[{\"@type\":\"WebPage\",\"@id\":\"https:\\\/\\\/kompass-karrieremesse.de\\\/bundeswehr\\\/\",\"url\":\"https:\\\/\\\/kompass-karrieremesse.de\\\/bundeswehr\\\/\",\"name\":\"Bundeswehr - Kompass-Karrieremesse\",\"isPartOf\":{\"@id\":\"https:\\\/\\\/kompass-karrieremesse.de\\\/#website\"},\"primaryImageOfPage\":{\"@id\":\"https:\\\/\\\/kompass-karrieremesse.de\\\/bundeswehr\\\/#primaryimage\"},\"image\":{\"@id\":\"https:\\\/\\\/kompass-karrieremesse.de\\\/bundeswehr\\\/#primaryimage\"},\"thumbnailUrl\":\"https:\\\/\\\/kompass-karrieremesse.de\\\/wp-content\\\/uploads\\\/2026\\\/01\\\/Bundeswehr_Logo_RGB-1024x751.png\",\"datePublished\":\"2026-01-27T15:51:23+00:00\",\"dateModified\":\"2026-02-02T10:36:11+00:00\",\"description\":\"Haben Sie Fragen? In unserem FAQ-Bereich finden Sie schnelle Antworten auf h\u00e4ufig gestellte Anliegen. Entdecken Sie hilfreiche Informationen\",\"breadcrumb\":{\"@id\":\"https:\\\/\\\/kompass-karrieremesse.de\\\/bundeswehr\\\/#breadcrumb\"},\"inLanguage\":\"en-GB\",\"potentialAction\":[{\"@type\":\"ReadAction\",\"target\":[\"https:\\\/\\\/kompass-karrieremesse.de\\\/bundeswehr\\\/\"]}]},{\"@type\":\"ImageObject\",\"inLanguage\":\"en-GB\",\"@id\":\"https:\\\/\\\/kompass-karrieremesse.de\\\/bundeswehr\\\/#primaryimage\",\"url\":\"https:\\\/\\\/kompass-karrieremesse.de\\\/wp-content\\\/uploads\\\/2026\\\/01\\\/Bundeswehr_Logo_RGB-1024x751.png\",\"contentUrl\":\"https:\\\/\\\/kompass-karrieremesse.de\\\/wp-content\\\/uploads\\\/2026\\\/01\\\/Bundeswehr_Logo_RGB-1024x751.png\"},{\"@type\":\"BreadcrumbList\",\"@id\":\"https:\\\/\\\/kompass-karrieremesse.de\\\/bundeswehr\\\/#breadcrumb\",\"itemListElement\":[{\"@type\":\"ListItem\",\"position\":1,\"name\":\"Startseite\",\"item\":\"https:\\\/\\\/kompass-karrieremesse.de\\\/\"},{\"@type\":\"ListItem\",\"position\":2,\"name\":\"Bundeswehr\"}]},{\"@type\":\"WebSite\",\"@id\":\"https:\\\/\\\/kompass-karrieremesse.de\\\/#website\",\"url\":\"https:\\\/\\\/kompass-karrieremesse.de\\\/\",\"name\":\"Kompass-Karrieremesse\",\"description\":\"Navigate your future\",\"publisher\":{\"@id\":\"https:\\\/\\\/kompass-karrieremesse.de\\\/#organization\"},\"potentialAction\":[{\"@type\":\"SearchAction\",\"target\":{\"@type\":\"EntryPoint\",\"urlTemplate\":\"https:\\\/\\\/kompass-karrieremesse.de\\\/?s={search_term_string}\"},\"query-input\":{\"@type\":\"PropertyValueSpecification\",\"valueRequired\":true,\"valueName\":\"search_term_string\"}}],\"inLanguage\":\"en-GB\"},{\"@type\":\"Organization\",\"@id\":\"https:\\\/\\\/kompass-karrieremesse.de\\\/#organization\",\"name\":\"Partnerkreis Industrie und Wirtschaft\",\"url\":\"https:\\\/\\\/kompass-karrieremesse.de\\\/\",\"logo\":{\"@type\":\"ImageObject\",\"inLanguage\":\"en-GB\",\"@id\":\"https:\\\/\\\/kompass-karrieremesse.de\\\/#\\\/schema\\\/logo\\\/image\\\/\",\"url\":\"https:\\\/\\\/kompass-karrieremesse.de\\\/wp-content\\\/uploads\\\/2025\\\/08\\\/Logo_PIW-scaled.png\",\"contentUrl\":\"https:\\\/\\\/kompass-karrieremesse.de\\\/wp-content\\\/uploads\\\/2025\\\/08\\\/Logo_PIW-scaled.png\",\"width\":2560,\"height\":1118,\"caption\":\"Partnerkreis Industrie und Wirtschaft\"},\"image\":{\"@id\":\"https:\\\/\\\/kompass-karrieremesse.de\\\/#\\\/schema\\\/logo\\\/image\\\/\"},\"sameAs\":[\"https:\\\/\\\/de.linkedin.com\\\/company\\\/partnerkreis-industrie-wirtschaft\"]}]}<\/script>\n<!-- \/ Yoast SEO plugin. -->","yoast_head_json":{"title":"Bundeswehr - Kompass-Karrieremesse","description":"Haben Sie Fragen? In unserem FAQ-Bereich finden Sie schnelle Antworten auf h\u00e4ufig gestellte Anliegen. Entdecken Sie hilfreiche Informationen","robots":{"index":"index","follow":"follow","max-snippet":"max-snippet:-1","max-image-preview":"max-image-preview:large","max-video-preview":"max-video-preview:-1"},"canonical":"https:\/\/kompass-karrieremesse.de\/en\/bundeswehr\/","og_locale":"en_GB","og_type":"article","og_title":"Bundeswehr - Kompass-Karrieremesse","og_description":"Haben Sie Fragen? In unserem FAQ-Bereich finden Sie schnelle Antworten auf h\u00e4ufig gestellte Anliegen. Entdecken Sie hilfreiche Informationen","og_url":"https:\/\/kompass-karrieremesse.de\/en\/bundeswehr\/","og_site_name":"Kompass-Karrieremesse","article_modified_time":"2026-02-02T10:36:11+00:00","og_image":[{"width":2560,"height":1877,"url":"https:\/\/kompass-karrieremesse.de\/wp-content\/uploads\/2026\/01\/Bundeswehr_Logo_RGB-scaled.png","type":"image\/png"}],"twitter_card":"summary_large_image","twitter_misc":{"Estimated reading time":"2 minutes"},"schema":{"@context":"https:\/\/schema.org","@graph":[{"@type":"WebPage","@id":"https:\/\/kompass-karrieremesse.de\/bundeswehr\/","url":"https:\/\/kompass-karrieremesse.de\/bundeswehr\/","name":"Bundeswehr - Kompass-Karrieremesse","isPartOf":{"@id":"https:\/\/kompass-karrieremesse.de\/#website"},"primaryImageOfPage":{"@id":"https:\/\/kompass-karrieremesse.de\/bundeswehr\/#primaryimage"},"image":{"@id":"https:\/\/kompass-karrieremesse.de\/bundeswehr\/#primaryimage"},"thumbnailUrl":"https:\/\/kompass-karrieremesse.de\/wp-content\/uploads\/2026\/01\/Bundeswehr_Logo_RGB-1024x751.png","datePublished":"2026-01-27T15:51:23+00:00","dateModified":"2026-02-02T10:36:11+00:00","description":"Haben Sie Fragen? In unserem FAQ-Bereich finden Sie schnelle Antworten auf h\u00e4ufig gestellte Anliegen. Entdecken Sie hilfreiche Informationen","breadcrumb":{"@id":"https:\/\/kompass-karrieremesse.de\/bundeswehr\/#breadcrumb"},"inLanguage":"en-GB","potentialAction":[{"@type":"ReadAction","target":["https:\/\/kompass-karrieremesse.de\/bundeswehr\/"]}]},{"@type":"ImageObject","inLanguage":"en-GB","@id":"https:\/\/kompass-karrieremesse.de\/bundeswehr\/#primaryimage","url":"https:\/\/kompass-karrieremesse.de\/wp-content\/uploads\/2026\/01\/Bundeswehr_Logo_RGB-1024x751.png","contentUrl":"https:\/\/kompass-karrieremesse.de\/wp-content\/uploads\/2026\/01\/Bundeswehr_Logo_RGB-1024x751.png"},{"@type":"BreadcrumbList","@id":"https:\/\/kompass-karrieremesse.de\/bundeswehr\/#breadcrumb","itemListElement":[{"@type":"ListItem","position":1,"name":"Startseite","item":"https:\/\/kompass-karrieremesse.de\/"},{"@type":"ListItem","position":2,"name":"Bundeswehr"}]},{"@type":"WebSite","@id":"https:\/\/kompass-karrieremesse.de\/#website","url":"https:\/\/kompass-karrieremesse.de\/","name":"Kompass-Karrieremesse","description":"Navigate your future","publisher":{"@id":"https:\/\/kompass-karrieremesse.de\/#organization"},"potentialAction":[{"@type":"SearchAction","target":{"@type":"EntryPoint","urlTemplate":"https:\/\/kompass-karrieremesse.de\/?s={search_term_string}"},"query-input":{"@type":"PropertyValueSpecification","valueRequired":true,"valueName":"search_term_string"}}],"inLanguage":"en-GB"},{"@type":"Organization","@id":"https:\/\/kompass-karrieremesse.de\/#organization","name":"Partnerkreis Industrie und Wirtschaft","url":"https:\/\/kompass-karrieremesse.de\/","logo":{"@type":"ImageObject","inLanguage":"en-GB","@id":"https:\/\/kompass-karrieremesse.de\/#\/schema\/logo\/image\/","url":"https:\/\/kompass-karrieremesse.de\/wp-content\/uploads\/2025\/08\/Logo_PIW-scaled.png","contentUrl":"https:\/\/kompass-karrieremesse.de\/wp-content\/uploads\/2025\/08\/Logo_PIW-scaled.png","width":2560,"height":1118,"caption":"Partnerkreis Industrie und Wirtschaft"},"image":{"@id":"https:\/\/kompass-karrieremesse.de\/#\/schema\/logo\/image\/"},"sameAs":["https:\/\/de.linkedin.com\/company\/partnerkreis-industrie-wirtschaft"]}]}},"_links":{"self":[{"href":"https:\/\/kompass-karrieremesse.de\/en\/wp-json\/wp\/v2\/pages\/2637","targetHints":{"allow":["GET"]}}],"collection":[{"href":"https:\/\/kompass-karrieremesse.de\/en\/wp-json\/wp\/v2\/pages"}],"about":[{"href":"https:\/\/kompass-karrieremesse.de\/en\/wp-json\/wp\/v2\/types\/page"}],"author":[{"embeddable":true,"href":"https:\/\/kompass-karrieremesse.de\/en\/wp-json\/wp\/v2\/users\/1"}],"replies":[{"embeddable":true,"href":"https:\/\/kompass-karrieremesse.de\/en\/wp-json\/wp\/v2\/comments?post=2637"}],"version-history":[{"count":31,"href":"https:\/\/kompass-karrieremesse.de\/en\/wp-json\/wp\/v2\/pages\/2637\/revisions"}],"predecessor-version":[{"id":2749,"href":"https:\/\/kompass-karrieremesse.de\/en\/wp-json\/wp\/v2\/pages\/2637\/revisions\/2749"}],"wp:attachment":[{"href":"https:\/\/kompass-karrieremesse.de\/en\/wp-json\/wp\/v2\/media?parent=2637"}],"curies":[{"name":"wp","href":"https:\/\/api.w.org\/{rel}","templated":true}]}}